{"id":118642,"date":"2023-02-03T11:28:43","date_gmt":"2023-02-03T10:28:43","guid":{"rendered":"http:\/\/dermomedmymoment.com\/?post_type=product&#038;p=118642"},"modified":"2025-04-07T11:28:13","modified_gmt":"2025-04-07T09:28:13","slug":"dermomed-calendula","status":"publish","type":"product","link":"https:\/\/dermomedmymoment.com\/en\/dermomed-calendula\/","title":{"rendered":"Dermomed Calendula Intimate Wash"},"content":{"rendered":"<div data-parent=\"true\" class=\"vc_row row-container\" id=\"row-unique-0\"><div class=\"row limit-width row-parent\"><div class=\"wpb_row row-inner\"><div class=\"wpb_column pos-top pos-center align_left column_parent col-lg-12 single-internal-gutter\"><div class=\"uncol style-light\"  ><div class=\"uncoltable\"><div class=\"uncell no-block-padding\" ><div class=\"uncont\"><div class=\"uncode_text_column translation-block\" ><p>Dermomed Lab\u00a0<strong>Calendula\u00a0Intimate Wash<\/strong> is suitable for daily use because of this herbal remedy flower's soothing properties. It is designed to soothe and give pleasant relief from irritation and discomfort. The mild formula respects your body's natural balance.<p>\n<p>Pro-Vitamin B5 in the <strong>intimate wash<\/strong> boosts the soothing, humectant properties, stabilizing water content in the skin surface and drawing it from deeper layers of the dermis and epidermis. An added ingredient derived from lactic acid, working with surfactants, increases skin compatibility.<\/p>\n<\/div><\/div><\/div><\/div><\/div><\/div><script id=\"script-row-unique-0\" data-row=\"script-row-unique-0\" type=\"text\/javascript\" class=\"vc_controls\">UNCODE.initRow(document.getElementById(\"row-unique-0\"));<\/script><\/div><\/div><\/div>","protected":false},"excerpt":{"rendered":"Il detergente intimo Dermomed Calendula \u00e8 ideale per un uso quotidiano grazie alla capacit\u00e0 di valorizzare le propriet\u00e0 lenitive di [...]","protected":false},"featured_media":120584,"template":"","meta":[],"product_cat":[174],"product_tag":[],"class_list":["post-118642","product","type-product","status-publish","has-post-thumbnail","hentry","product_cat-detergenti-intimi"],"acf":[],"yoast_head":"<!-- This site is optimized with the Yoast SEO plugin v21.5 - https:\/\/yoast.com\/wordpress\/plugins\/seo\/ -->\n<title>Detergente Intimo Dermomed Calendula - Dermomed<\/title>\n<meta name=\"description\" content=\"Scopri Detergente Intimo Dermomed Calendula per vivere il tuo quotidiano momento di relax. Scegli la coccola di cui hai bisogno con i prodotti Dermomed\" \/>\n<meta name=\"robots\" content=\"index, follow, max-snippet:-1, max-image-preview:large, max-video-preview:-1\" \/>\n<link rel=\"canonical\" href=\"https:\/\/dermomedmymoment.com\/en\/dermomed-calendula\/\" \/>\n<meta property=\"og:locale\" content=\"en_GB\" \/>\n<meta property=\"og:type\" content=\"article\" \/>\n<meta property=\"og:title\" content=\"Detergente Intimo Dermomed Calendula - Dermomed\" \/>\n<meta property=\"og:description\" content=\"Scopri Detergente Intimo Dermomed Calendula per vivere il tuo quotidiano momento di relax. Scegli la coccola di cui hai bisogno con i prodotti Dermomed\" \/>\n<meta property=\"og:url\" content=\"https:\/\/dermomedmymoment.com\/en\/dermomed-calendula\/\" \/>\n<meta property=\"og:site_name\" content=\"Dermomed\" \/>\n<meta property=\"article:modified_time\" content=\"2025-04-07T09:28:13+00:00\" \/>\n<meta property=\"og:image\" content=\"https:\/\/dermomedmymoment.com\/wp-content\/uploads\/2023\/02\/HI7040_I6654.png\" \/>\n\t<meta property=\"og:image:width\" content=\"1400\" \/>\n\t<meta property=\"og:image:height\" content=\"1400\" \/>\n\t<meta property=\"og:image:type\" content=\"image\/png\" \/>\n<meta name=\"twitter:card\" content=\"summary_large_image\" \/>\n<meta name=\"twitter:label1\" content=\"Estimated reading time\" \/>\n\t<meta name=\"twitter:data1\" content=\"1 minute\" \/>\n<script type=\"application\/ld+json\" class=\"yoast-schema-graph\">{\"@context\":\"https:\/\/schema.org\",\"@graph\":[{\"@type\":\"WebPage\",\"@id\":\"https:\/\/dermomedmymoment.com\/dermomed-calendula\/\",\"url\":\"https:\/\/dermomedmymoment.com\/dermomed-calendula\/\",\"name\":\"Detergente Intimo Dermomed Calendula - Dermomed\",\"isPartOf\":{\"@id\":\"https:\/\/dermomedmymoment.com\/#website\"},\"datePublished\":\"2023-02-03T10:28:43+00:00\",\"dateModified\":\"2025-04-07T09:28:13+00:00\",\"description\":\"Scopri Detergente Intimo Dermomed Calendula per vivere il tuo quotidiano momento di relax. Scegli la coccola di cui hai bisogno con i prodotti Dermomed\",\"breadcrumb\":{\"@id\":\"https:\/\/dermomedmymoment.com\/dermomed-calendula\/#breadcrumb\"},\"inLanguage\":\"en-GB\",\"potentialAction\":[{\"@type\":\"ReadAction\",\"target\":[\"https:\/\/dermomedmymoment.com\/dermomed-calendula\/\"]}]},{\"@type\":\"BreadcrumbList\",\"@id\":\"https:\/\/dermomedmymoment.com\/dermomed-calendula\/#breadcrumb\",\"itemListElement\":[{\"@type\":\"ListItem\",\"position\":1,\"name\":\"Home\",\"item\":\"https:\/\/dermomedmymoment.com\/\"},{\"@type\":\"ListItem\",\"position\":2,\"name\":\"Shop\",\"item\":\"https:\/\/dermomedmymoment.com\/shop\/\"},{\"@type\":\"ListItem\",\"position\":3,\"name\":\"Detergente Intimo Dermomed Calendula\"}]},{\"@type\":\"WebSite\",\"@id\":\"https:\/\/dermomedmymoment.com\/#website\",\"url\":\"https:\/\/dermomedmymoment.com\/\",\"name\":\"Dermomed\",\"description\":\"\",\"potentialAction\":[{\"@type\":\"SearchAction\",\"target\":{\"@type\":\"EntryPoint\",\"urlTemplate\":\"https:\/\/dermomedmymoment.com\/?s={search_term_string}\"},\"query-input\":\"required name=search_term_string\"}],\"inLanguage\":\"en-GB\"}]}<\/script>\n<!-- \/ Yoast SEO plugin. -->","yoast_head_json":{"title":"Detergente Intimo Dermomed Calendula - Dermomed","description":"Scopri Detergente Intimo Dermomed Calendula per vivere il tuo quotidiano momento di relax. Scegli la coccola di cui hai bisogno con i prodotti Dermomed","robots":{"index":"index","follow":"follow","max-snippet":"max-snippet:-1","max-image-preview":"max-image-preview:large","max-video-preview":"max-video-preview:-1"},"canonical":"https:\/\/dermomedmymoment.com\/en\/dermomed-calendula\/","og_locale":"en_GB","og_type":"article","og_title":"Detergente Intimo Dermomed Calendula - Dermomed","og_description":"Scopri Detergente Intimo Dermomed Calendula per vivere il tuo quotidiano momento di relax. Scegli la coccola di cui hai bisogno con i prodotti Dermomed","og_url":"https:\/\/dermomedmymoment.com\/en\/dermomed-calendula\/","og_site_name":"Dermomed","article_modified_time":"2025-04-07T09:28:13+00:00","og_image":[{"width":1400,"height":1400,"url":"https:\/\/dermomedmymoment.com\/wp-content\/uploads\/2023\/02\/HI7040_I6654.png","type":"image\/png"}],"twitter_card":"summary_large_image","twitter_misc":{"Estimated reading time":"1 minute"},"schema":{"@context":"https:\/\/schema.org","@graph":[{"@type":"WebPage","@id":"https:\/\/dermomedmymoment.com\/dermomed-calendula\/","url":"https:\/\/dermomedmymoment.com\/dermomed-calendula\/","name":"Detergente Intimo Dermomed Calendula - Dermomed","isPartOf":{"@id":"https:\/\/dermomedmymoment.com\/#website"},"datePublished":"2023-02-03T10:28:43+00:00","dateModified":"2025-04-07T09:28:13+00:00","description":"Scopri Detergente Intimo Dermomed Calendula per vivere il tuo quotidiano momento di relax. Scegli la coccola di cui hai bisogno con i prodotti Dermomed","breadcrumb":{"@id":"https:\/\/dermomedmymoment.com\/dermomed-calendula\/#breadcrumb"},"inLanguage":"en-GB","potentialAction":[{"@type":"ReadAction","target":["https:\/\/dermomedmymoment.com\/dermomed-calendula\/"]}]},{"@type":"BreadcrumbList","@id":"https:\/\/dermomedmymoment.com\/dermomed-calendula\/#breadcrumb","itemListElement":[{"@type":"ListItem","position":1,"name":"Home","item":"https:\/\/dermomedmymoment.com\/"},{"@type":"ListItem","position":2,"name":"Shop","item":"https:\/\/dermomedmymoment.com\/shop\/"},{"@type":"ListItem","position":3,"name":"Detergente Intimo Dermomed Calendula"}]},{"@type":"WebSite","@id":"https:\/\/dermomedmymoment.com\/#website","url":"https:\/\/dermomedmymoment.com\/","name":"Dermomed","description":"","potentialAction":[{"@type":"SearchAction","target":{"@type":"EntryPoint","urlTemplate":"https:\/\/dermomedmymoment.com\/?s={search_term_string}"},"query-input":"required name=search_term_string"}],"inLanguage":"en-GB"}]}},"_links":{"self":[{"href":"https:\/\/dermomedmymoment.com\/en\/wp-json\/wp\/v2\/product\/118642","targetHints":{"allow":["GET"]}}],"collection":[{"href":"https:\/\/dermomedmymoment.com\/en\/wp-json\/wp\/v2\/product"}],"about":[{"href":"https:\/\/dermomedmymoment.com\/en\/wp-json\/wp\/v2\/types\/product"}],"wp:featuredmedia":[{"embeddable":true,"href":"https:\/\/dermomedmymoment.com\/en\/wp-json\/wp\/v2\/media\/120584"}],"wp:attachment":[{"href":"https:\/\/dermomedmymoment.com\/en\/wp-json\/wp\/v2\/media?parent=118642"}],"wp:term":[{"taxonomy":"product_cat","embeddable":true,"href":"https:\/\/dermomedmymoment.com\/en\/wp-json\/wp\/v2\/product_cat?post=118642"},{"taxonomy":"product_tag","embeddable":true,"href":"https:\/\/dermomedmymoment.com\/en\/wp-json\/wp\/v2\/product_tag?post=118642"}],"curies":[{"name":"wp","href":"https:\/\/api.w.org\/{rel}","templated":true}]}}