{"id":118093,"date":"2022-12-06T12:06:38","date_gmt":"2022-12-06T11:06:38","guid":{"rendered":"http:\/\/dermomedmymoment.com\/?page_id=118093"},"modified":"2023-05-08T17:02:43","modified_gmt":"2023-05-08T15:02:43","slug":"cookie-policy","status":"publish","type":"page","link":"https:\/\/dermomedmymoment.com\/en\/cookie-policy\/","title":{"rendered":"Cookie Policy"},"content":{"rendered":"<h2 id=\"privacy-policy-title-0\">Informativa analitica sull\u2019utilizzo dei cookie da parte del sito www.dermomedmymoment.com<\/h2>\n<p>La Soc. ITALCHIMICA SRL con sede legale in Riviera Maestri del Lavoro n. 10 &#8211; 25127 Padova (PD) \u2013 Italy\u00a0 in qualit\u00e0 di titolare del trattamento e gestore del sito internet www.dermomedmymoment.com, per brevit\u00e0 nel proseguio definita anche \u201cil Titolare\u201d, fornisce le informazioni di seguito riportate al fine di chiarire le modalit\u00e0 e le finalit\u00e0 di utilizzo dei\u00a0 cookies adottati nel sito internet di cui sopra.<\/p>\n<p>La Soc. ITALCHIMICA SRL precisa che i dati saranno trattati con modalit\u00e0 prettamente informatiche su server e su computer della societ\u00e0 e\/o di societ\u00e0 appositamente nominate responsabili del trattamento.<\/p>\n<p>L\u2019eventuale diniego all\u2019utilizzo dei cookie potrebbe determinare l\u2019impossibilit\u00e0 di una completa e corretta navigazione sul sito.<\/p>\n<p>La gestione del sito e quindi tutte le informazioni ed i dati in esso contenuti posso essere conosciuti e\/o venire a conoscenza del personale della Soc. ITALCHIMICA SRL\u00a0in qualit\u00e0 di incaricati del trattamento e\/o responsabili del trattamento appositamente nominati, inoltre, i dati potrebbero venire a conoscenza di soggetti terzi (societ\u00e0 di software e di servizi) in qualit\u00e0 di responsabili del trattamento o autonomi titolari. L\u2019elenco aggiornato dei soggetti a cui i Vostri dati potranno essere comunicati e\/o venire a conoscenza \u00e8 a Vostra disposizione presso la sede legale della Soc. ITALCHIMICA SRL<\/p>\n<hr \/>\n<p>La Soc. ITALCHIMICA SRL ha designato quale responsabile per il riscontro agli interessati, il dirigente pro tempore dell\u2019ufficio privacy reperibile in Padova Riviera Mestri del lavoro 10 o telefonicamente al numero tel. 049 8792456 o all\u2019indirizzo di posta pricavy@italchimica.fornace.io L\u2019elenco aggiornato dei soggetti nominati responsabili \u00e8 a Vostra disposizione\u00a0 presso la sede della societ\u00e0.<\/p>\n<p>Per ulteriori informazioni \u00e8 possibile anche consultare l\u2019informativa privacy \u201cgenerica\u201d riportata nel presente sito.<\/p>\n<p>Al fine di rendere i propri servizi il pi\u00f9 possibile efficienti e semplici da utilizzare, il sito www.dermomedmymoment.com fa uso dei cookies specificati nella presente informativa. Quando si visita il sito, viene inserita una quantit\u00e0 minima di informazioni nel dispositivo dell&#8217;Utente, come piccoli file di testo chiamati &#8220;cookie&#8221;, che vengono salvati nella directory del browser Web dell&#8217;Utente. Esistono diversi tipi di cookie, ma sostanzialmente lo scopo principale di un cookie \u00e8 quello di far funzionare pi\u00f9 efficacemente il sito www.dermomedmymoment.com e di abilitarne determinate funzionalit\u00e0.<\/p>\n<p>Vi sono\u00a0<strong>vari tipi di cookie<\/strong>, alcuni per rendere pi\u00f9 efficace l\u2019uso del Sito, altri per abilitare determinate funzionalit\u00e0.<br \/>\nAnalizzandoli in maniera particolareggiata i nostri cookie permettono di:<\/p>\n<ul>\n<li>\u00a0\u00a0\u00a0\u00a0\u00a0\u00a0 memorizzare le preferenze inserite<\/li>\n<li>\u00a0\u00a0\u00a0\u00a0\u00a0\u00a0 evitare di reinserire le stesse informazioni pi\u00f9 volte durante la visita quali ad esempio nome utente e password<\/li>\n<li>\u00a0\u00a0\u00a0\u00a0\u00a0\u00a0 analizzare l\u2019utilizzo dei servizi e dei contenuti forniti da dermomedmymoment.com\u00a0per ottimizzarne l\u2019esperienza di navigazione e i servizi offerti<\/li>\n<\/ul>\n<hr \/>\n<h2 id=\"privacy-policy-title-1\">Tipologie di Cookie<\/h2>\n<p>A seguire i vari tipi di cookie utilizzati da dermomedmymoment.com\u00a0in funzione delle finalit\u00e0 d\u2019uso<\/p>\n<h4>Cookie Tecnici<\/h4>\n<p>Questa tipologia di cookie permette il\u00a0<strong>corretto funzionamento di alcune sezioni del Sito<\/strong>. Sono di due categorie: persistenti e di sessione:<\/p>\n<ul>\n<li><strong>persistenti<\/strong>: una volta chiuso il browser non vengono distrutti ma rimangono fino ad una data di scadenza preimpostata<\/li>\n<li><strong>di sessioni<\/strong>: vengono distrutti ogni volta che il browser viene chiuso<\/li>\n<\/ul>\n<p>Questi cookie, inviati sempre dal nostro dominio,\u00a0<strong>sono necessari a\u00a0visualizzare correttamente il sito<\/strong>\u00a0e\u00a0in relazione ai servizi tecnici offerti, verranno quindi\u00a0<strong>sempre utilizzati e inviati<\/strong>, a meno che l\u2019utenza non modifichi le impostazioni nel proprio browser (inficiando cos\u00ec la visualizzazione delle pagine del sito).<\/p>\n<h4>Cookie analitici<\/h4>\n<p>I cookie in questa categoria vengono utilizzati per\u00a0<strong>collezionare informazioni sull\u2019uso del sito<\/strong>. ITALCHIMICA SRL user\u00e0 queste informazioni in merito ad\u00a0<strong>analisi statistiche anonime<\/strong>\u00a0al fine di migliorare l\u2019utilizzo del\u00a0Sito\u00a0e l\u2019esperienza di navigazione. Questa tipologia di cookie raccoglie dati in\u00a0<strong>forma anonima<\/strong>\u00a0sull\u2019attivit\u00e0 dell\u2019utenza e su come \u00e8 arrivata sul Sito. I cookie analitici sono inviati dal Sito Stesso o da domini di terze parti.<\/p>\n<h4>Cookie di analisi di servizi di terze parti<\/h4>\n<p>Questi cookie sono utilizzati al fine di raccogliere informazioni sull\u2019<b>uso del Sito<\/b>\u00a0da parte degli utenti in\u00a0<b>forma anonima<\/b>\u00a0quali: pagine visitate, tempo di permanenza, origini del traffico di provenienza, provenienza geografica, et\u00e0, genere e interessi ai fini di campagne di marketing. Questi cookie sono inviati da domini di terze parti esterni al Sito.<\/p>\n<h4>Cookie per integrare prodotti e funzioni di software\u00a0di terze parti<\/h4>\n<p>Questa tipologia di cookie\u00a0<b>integra funzionalit\u00e0 sviluppate da terzi<\/b>\u00a0all\u2019interno delle pagine del Sito come le icone e le preferenze espresse nei social network al fine di condivisione dei contenuti del sito o per l\u2019uso di servizi software di terze parti (come i software per generare le mappe e ulteriori software che offrono servizi aggiuntivi). Questi cookie sono inviati da\u00a0<b>domini di terze parti<\/b>\u00a0e da\u00a0<b>siti partner<\/b>\u00a0che offrono le loro funzionalit\u00e0 tra le pagine del Sito.<\/p>\n<h4>Cookie di profilazione<\/h4>\n<p>Sono quei cookie necessari a creare profili utenti sulla base delle preferenze manifestate dall\u2019utente durante la navigazione nel Sito.<\/p>\n<hr \/>\n<p>dermomedmymoment.com, secondo la normativa vigente, non \u00e8 tenuto a chiedere consenso per i\u00a0<strong>cookie tecnici<\/strong>\u00a0and \u00a0<strong>analitici<\/strong>, in quanto necessari a fornire i servizi richiesti.<\/p>\n<p>Per tutte le altre tipologie di cookie il consenso pu\u00f2 essere espresso dall\u2019Utente con una o pi\u00f9 delle seguenti modalit\u00e0:<\/p>\n<ul>\n<li>\u00a0\u00a0\u00a0\u00a0\u00a0\u00a0 <strong>Mediante specifiche configurazioni del browser<\/strong>\u00a0utilizzato o dei relativi programmi informatici utilizzati per navigare le pagine che compongono il Sito.<\/li>\n<li>\u00a0\u00a0\u00a0\u00a0\u00a0\u00a0 <strong>Mediante modifica delle impostazioni<\/strong>\u00a0nell\u2019uso dei servizi di terze parti<\/li>\n<\/ul>\n<p>Entrambe queste soluzioni potrebbero impedire all\u2019utente di utilizzare o visualizzare parti del Sito.<\/p>\n<p><strong>Siti Web e servizi di terze parti<\/strong><\/p>\n<p>Il Sito potrebbe contenere\u00a0collegamenti ad altri siti Web che dispongono di una propria informativa sulla privacy che pu\u00f2 essere diverse da quella adottata da dermomedmymoment.com\u00a0e che che quindi\u00a0<b>non risponde<\/b>\u00a0di questi siti.<\/p>\n<hr \/>\n<h2 id=\"privacy-policy-title-2\">Cookie utilizzati da dermomedmymoment.com<\/h2>\n<p>A seguire la lista di cookie utilizzati da questo Sito:<\/p>\n<table class=\"dcf-table dcf-table-responsive dcf-table-bordered dcf-table-striped dcf-w-100%\">\n<thead>\n<tr>\n<th scope=\"col\">CATEGORIA<\/th>\n<th scope=\"col\">NOME<\/th>\n<th scope=\"col\">DURATA<\/th>\n<th scope=\"col\">FORNTORE<\/th>\n<th scope=\"col\">TIPO<\/th>\n<th scope=\"col\">SCOPO<\/th>\n<\/tr>\n<\/thead>\n<tbody>\n<tr>\n<th scope=\"row\">analitico<\/th>\n<td data-label=\"NOME\">_gid<\/td>\n<td data-label=\"DURATA\">1 giorno<\/td>\n<td data-label=\"FORNTORE\">Google<\/td>\n<td data-label=\"TIPO\">HTTP Cookie<\/td>\n<td data-label=\"SCOPO\">Registra un ID univoco utilizzato per generare dati statistici su come il visitatore utilizza il sito internet.<\/td>\n<\/tr>\n<tr>\n<th scope=\"row\">analitico<\/th>\n<td data-label=\"NOME\">_ga<\/td>\n<td data-label=\"DURATA\">2 anni<\/td>\n<td data-label=\"FORNTORE\">Google<\/td>\n<td data-label=\"TIPO\">HTTP Cookie<\/td>\n<td data-label=\"SCOPO\">Registra un ID univoco utilizzato per generare dati statistici su come il visitatore utilizza il sito internet.<\/td>\n<\/tr>\n<tr>\n<th scope=\"row\">tecnico<\/th>\n<td data-label=\"NOME\">cookie_consent_*<\/td>\n<td data-label=\"DURATA\">1 anno<\/td>\n<td data-label=\"FORNTORE\">dermomedmymoment.com<\/td>\n<td data-label=\"TIPO\">HTML Local Storage<\/td>\n<td data-label=\"SCOPO\">Utilizzato da dermomedmymoment.com per salvare le preferenze impostate dall&#8217;utente sull&#8217;utilizzo dei cookie<\/td>\n<\/tr>\n<tr>\n<th scope=\"row\">analitico<\/th>\n<td data-label=\"NOME\">_gat_*<\/td>\n<td data-label=\"DURATA\">10 minuti<\/td>\n<td data-label=\"FORNTORE\">Google<\/td>\n<td data-label=\"TIPO\">HTML Local Storage<\/td>\n<td data-label=\"SCOPO\">Utilizzato da Google Analytics per analisi statistiche in forma anonima.<\/td>\n<\/tr>\n<tr>\n<th scope=\"row\">tecnico<\/th>\n<td data-label=\"NOME\">uncodeAI.images<\/td>\n<td data-label=\"DURATA\">sessione<\/td>\n<td data-label=\"FORNTORE\">shock-wave.it<\/td>\n<td data-label=\"TIPO\">HTML Local Storage<\/td>\n<td data-label=\"SCOPO\">Utilizzato dal tema uncode ad ogni refresh per adattare le immagini. Non immagazzina nessun dato personale.<\/td>\n<\/tr>\n<tr>\n<th scope=\"row\">tecnico<\/th>\n<td data-label=\"NOME\">uncodeAI.screen<\/td>\n<td data-label=\"DURATA\">sessione<\/td>\n<td data-label=\"FORNTORE\">shock-wave.it<\/td>\n<td data-label=\"TIPO\">HTML Local Storage<\/td>\n<td data-label=\"SCOPO\">Utilizzato dal tema uncode ad ogni refresh per adattare le immagini. Non immagazzina nessun dato personale.<\/td>\n<\/tr>\n<\/tbody>\n<\/table>\n<hr \/>\n<h2 id=\"privacy-policy-title-3\">Modalit\u00e0 di disabilitazione dei cookies al browser<\/h2>\n<p>La maggioranza dei browser internet sono inizialmente impostati per accettare i cookies in modo automatico. L&#8217;utente pu\u00f2 modificare queste impostazioni per bloccare i cookies o per avvertire che dei cookies vengono mandati al dispositivo dell&#8217;utente medesimo. Esistono vari modi per gestire i cookies. L&#8217;utente pu\u00f2 fare riferimento al manuale d&#8217;istruzioni o alla schermata di aiuto del suo browser per scoprire come regolare o modificare le impostazioni del proprio browser<\/p>\n<h4>Come disabilitare i cookie mediante configurazione del browser:<\/h4>\n<p><strong>Chrome<\/strong><\/p>\n<ol>\n<li>Eseguire\u00a0il Browser Chrome<\/li>\n<li>Fare click sul men\u00f9\u00a0<img decoding=\"async\" class=\"alignnone size-full wp-image-3129\" src=\"https:\/\/www.shock-wave.it\/wp-content\/uploads\/2015\/04\/chrome-impostazioni.png\" alt=\"chrome-impostazioni\" width=\"29\" height=\"29\" \/>\u00a0presente nella barra degli strumenti del browser a fianco della finestra di inserimento url per la navigazione<\/li>\n<li>Selezionare\u00a0<strong>Impostazioni<\/strong><\/li>\n<li>Fare clic su\u00a0<strong>Mostra Impostazioni Avanzate<\/strong><\/li>\n<li>Nella sezione \u201cPrivacy\u201d fare clic su bottone \u201c<strong>Impostazioni contenuti<\/strong>\u201c<\/li>\n<li>Nella sezione \u201cCookie\u201d \u00e8 possibile modificare le seguenti impostazioni relative ai cookie:\n<ul>\n<li>Consentire il salvataggio dei dati in locale<\/li>\n<li>Modificare i dati locali solo fino alla chiusura del browser<\/li>\n<li>Impedire ai siti di impostare i cookie<\/li>\n<li>Bloccare i cookie di terze parti e i dati dei siti<\/li>\n<li>Gestire le eccezioni per alcuni siti internet<\/li>\n<li>Eliminazione di uno o tutti i cookie<\/li>\n<\/ul>\n<\/li>\n<\/ol>\n<p>Per maggiori informazioni visita la\u00a0<a href=\"https:\/\/support.google.com\/accounts\/answer\/61416?hl=en\" target=\"_blank\" rel=\"nofollow noopener\">pagina dedicata<\/a>.<\/p>\n<p><strong>Mozilla Firefox<\/strong><\/p>\n<ol>\n<li>Eseguire\u00a0il Browser\u00a0Mozilla Firefox<\/li>\n<li>Fare click sul men\u00f9\u00a0<img decoding=\"async\" class=\"alignnone size-full wp-image-3130\" src=\"https:\/\/www.shock-wave.it\/wp-content\/uploads\/2015\/04\/firefox-impostazioni.png\" alt=\"firefox-impostazioni\" width=\"16\" height=\"16\" \/>\u00a0presente nella barra degli strumenti del browser a fianco della finestra di inserimento url per la navigazione<\/li>\n<li>Selezionare\u00a0<strong>Opzioni<\/strong><\/li>\n<li>Seleziona il pannello\u00a0<strong>Privacy<\/strong><\/li>\n<li>Fare clic su\u00a0<strong>Mostra Impostazioni Avanzate<\/strong><\/li>\n<li>Nella sezione \u201cPrivacy\u201d fare clic su bottone \u201c<strong>Impostazioni contenuti<\/strong>\u201c<\/li>\n<li>Nella sezione \u201c<strong>Tracciamento<\/strong>\u201d \u00e8 possibile modificare le seguenti impostazioni relative ai cookie:\n<ul>\n<li>Richiedi ai siti di non effettuare alcun tracciamento<\/li>\n<li>Comunica ai siti la disponibilit\u00e0 ad essere tracciato<\/li>\n<li>Non comunicare alcuna preferenza relativa al tracciamento dei dati personali<\/li>\n<\/ul>\n<\/li>\n<li>Dalla sezione \u201c<strong>Cronologia<\/strong>\u201d \u00e8 possibile:\n<ul>\n<li>Abilitando \u201cUtilizza impostazioni personalizzate\u201d selezionare di accettare i cookie di terze parti (sempre, dai siti pi\u00f9 visitato o mai) e di conservarli per un periodo determinato (fino alla loro scadenza, alla chiusura di Firefox o di chiedere ogni volta)<\/li>\n<li>Rimuovere i singoli cookie immagazzinati<\/li>\n<\/ul>\n<\/li>\n<\/ol>\n<p>Per maggiori informazioni visita la\u00a0<a href=\"https:\/\/support.mozilla.org\/en-US\/kb\/enable-and-disable-cookies-website-preferences\" target=\"_blank\" rel=\"nofollow noopener\">pagina dedicata<\/a>.<\/p>\n<p><strong>Internet Explorer<\/strong><\/p>\n<ol>\n<li>Eseguire\u00a0il Browser\u00a0Internet Explorer<\/li>\n<li>Fare click sul\u00a0pulsante\u00a0<strong>Strumenti<\/strong>\u00a0e scegliere\u00a0<strong>Opzioni Internet<\/strong><\/li>\n<li>Fare click sulla scheda\u00a0<strong>Privacy<\/strong>\u00a0e nella sezione Impostazioni modificare il dispositivo di scorrimento in funzione dell\u2019azione desiderata per i cookie:\n<ul>\n<li>Bloccare tutti i cookie<\/li>\n<li>Consentire tutti i cookie<\/li>\n<li>Selezione dei siti da cui ottenere cookie: spostare il cursore in una posizione intermedia in modo da non bloccare o consentire tutti i cookie, premere quindi su Siti, nella casella Indirizzo Sito Web inserire un sito internet e quindi premere su Blocca o Consenti<\/li>\n<\/ul>\n<\/li>\n<\/ol>\n<p>Per maggiori informazioni visita la\u00a0<a href=\"http:\/\/windows.microsoft.com\/it-it\/windows-vista\/block-or-allow-cookies\" target=\"_blank\" rel=\"nofollow noopener\">pagina dedicata<\/a>.<\/p>\n<p><strong>Safari 6<\/strong><\/p>\n<ol>\n<li>Eseguire\u00a0il Browser\u00a0Safari<\/li>\n<li>Fare click su\u00a0<strong>Safari<\/strong>, selezionare\u00a0<strong>Preferenze<\/strong>\u00a0e premere su\u00a0<strong>Privacy<\/strong><\/li>\n<li>Nella sezione\u00a0<em>Blocca Cookie<\/em>\u00a0specificare come Safari deve accettare i cookie dai siti internet.<\/li>\n<li>Per visionare quali siti hanno immagazzinato i cookie cliccare su\u00a0<strong>Dettagli<\/strong><\/li>\n<\/ol>\n<p>Per maggiori informazioni visita la\u00a0pagina dedicata.<\/p>\n<p><strong>Safari iOS (dispositivi mobile)<\/strong><\/p>\n<ol>\n<li>Eseguire\u00a0il Browser Safari iOS<\/li>\n<li>Tocca\u00a0su\u00a0<strong>Impostazioni<\/strong>\u00a0e poi\u00a0<strong>Safari<\/strong><\/li>\n<li>Tocca su\u00a0<strong>Blocca Cookie<\/strong>\u00a0e scegli tra le varie opzioni: \u201cMai\u201d, \u201cDi terze parti e inserzionisti\u201d o \u201cSempre\u201d<\/li>\n<li>Per cancellare tutti i cookie immagazzinati da Safari, tocca su\u00a0<strong>Impostazioni<\/strong>, poi su\u00a0<strong>Safari<\/strong>\u00a0e infine su\u00a0<strong>Cancella Cookie e dati<\/strong><\/li>\n<\/ol>\n<p>Per maggiori informazioni visita la\u00a0<a href=\"http:\/\/support.apple.com\/kb\/HT1677?utm_source=Agillic%20Dialogue\" target=\"_blank\" rel=\"nofollow noopener\">pagina dedicata<\/a>.<\/p>\n<p><strong>Opera<\/strong><\/p>\n<ol>\n<li>Eseguire\u00a0il Browser\u00a0Opera<\/li>\n<li>Fare click sul\u00a0Preferenze poi su Avanzate e infine su Cookie<\/li>\n<li>Selezionare una delle seguenti opzioni:\n<ul>\n<li>Accetta\u00a0tutti i cookie<\/li>\n<li>Accetta i cookie solo dal sito che si visita: i cookie di terze parti e che vengono inviati da un dominio diverso da quello che si sta visitando verranno rifiutati<\/li>\n<li>Non accettare mai i cookie: tutti i cookie non verranno mai salvati<\/li>\n<\/ul>\n<\/li>\n<\/ol>\n<p>Per maggiori informazioni visita la\u00a0<a href=\"http:\/\/windows.microsoft.com\/it-it\/windows-vista\/block-or-allow-cookies\" target=\"_blank\" rel=\"nofollow noopener\">pagina dedicata<\/a>.<\/p>\n<hr \/>\n<h2 id=\"privacy-policy-title-4\">Informazioni sui cookie di terze parti<\/h2>\n<ul>\n<li>Servizi di Google https:\/\/www.google.com\/intl\/it\/policies\/technologies\/cookies\/<\/li>\n<\/ul>\n<style>\ntd {<br \/>padding: 0 10px;<br \/>}<br \/><\/style>","protected":false},"excerpt":{"rendered":"<p>Informativa analitica sull\u2019utilizzo dei cookie da parte del sito www.dermomedmymoment.com La Soc. ITALCHIMICA SRL con sede legale in Riviera Maestri [&hellip;]<\/p>","protected":false},"author":2,"featured_media":0,"parent":0,"menu_order":0,"comment_status":"closed","ping_status":"open","template":"","meta":{"footnotes":""},"class_list":["post-118093","page","type-page","status-publish","hentry"],"acf":[],"yoast_head":"<!-- This site is optimized with the Yoast SEO plugin v21.5 - https:\/\/yoast.com\/wordpress\/plugins\/seo\/ -->\n<title>Cookie Policy - Dermomed<\/title>\n<meta name=\"description\" content=\"Scopri i benefici del Cookie Policy. Visita il sito Dermomed per conoscere i prodotti che lo contengono.\" \/>\n<meta name=\"robots\" content=\"index, follow, max-snippet:-1, max-image-preview:large, max-video-preview:-1\" \/>\n<link rel=\"canonical\" href=\"https:\/\/dermomedmymoment.com\/en\/cookie-policy\/\" \/>\n<meta property=\"og:locale\" content=\"en_GB\" \/>\n<meta property=\"og:type\" content=\"article\" \/>\n<meta property=\"og:title\" content=\"Cookie Policy - Dermomed\" \/>\n<meta property=\"og:description\" content=\"Scopri i benefici del Cookie Policy. Visita il sito Dermomed per conoscere i prodotti che lo contengono.\" \/>\n<meta property=\"og:url\" content=\"https:\/\/dermomedmymoment.com\/en\/cookie-policy\/\" \/>\n<meta property=\"og:site_name\" content=\"Dermomed\" \/>\n<meta property=\"article:modified_time\" content=\"2023-05-08T15:02:43+00:00\" \/>\n<meta property=\"og:image\" content=\"https:\/\/www.shock-wave.it\/wp-content\/uploads\/2015\/04\/chrome-impostazioni.png\" \/>\n<meta name=\"twitter:card\" content=\"summary_large_image\" \/>\n<meta name=\"twitter:label1\" content=\"Estimated reading time\" \/>\n\t<meta name=\"twitter:data1\" content=\"10 minutes\" \/>\n<script type=\"application\/ld+json\" class=\"yoast-schema-graph\">{\"@context\":\"https:\/\/schema.org\",\"@graph\":[{\"@type\":\"WebPage\",\"@id\":\"https:\/\/dermomedmymoment.com\/cookie-policy\/\",\"url\":\"https:\/\/dermomedmymoment.com\/cookie-policy\/\",\"name\":\"Cookie Policy - Dermomed\",\"isPartOf\":{\"@id\":\"https:\/\/dermomedmymoment.com\/#website\"},\"datePublished\":\"2022-12-06T11:06:38+00:00\",\"dateModified\":\"2023-05-08T15:02:43+00:00\",\"description\":\"Scopri i benefici del Cookie Policy. Visita il sito Dermomed per conoscere i prodotti che lo contengono.\",\"breadcrumb\":{\"@id\":\"https:\/\/dermomedmymoment.com\/cookie-policy\/#breadcrumb\"},\"inLanguage\":\"en-GB\",\"potentialAction\":[{\"@type\":\"ReadAction\",\"target\":[\"https:\/\/dermomedmymoment.com\/cookie-policy\/\"]}]},{\"@type\":\"BreadcrumbList\",\"@id\":\"https:\/\/dermomedmymoment.com\/cookie-policy\/#breadcrumb\",\"itemListElement\":[{\"@type\":\"ListItem\",\"position\":1,\"name\":\"Home\",\"item\":\"https:\/\/dermomedmymoment.com\/\"},{\"@type\":\"ListItem\",\"position\":2,\"name\":\"Cookie Policy\"}]},{\"@type\":\"WebSite\",\"@id\":\"https:\/\/dermomedmymoment.com\/#website\",\"url\":\"https:\/\/dermomedmymoment.com\/\",\"name\":\"Dermomed\",\"description\":\"\",\"potentialAction\":[{\"@type\":\"SearchAction\",\"target\":{\"@type\":\"EntryPoint\",\"urlTemplate\":\"https:\/\/dermomedmymoment.com\/?s={search_term_string}\"},\"query-input\":\"required name=search_term_string\"}],\"inLanguage\":\"en-GB\"}]}<\/script>\n<!-- \/ Yoast SEO plugin. -->","yoast_head_json":{"title":"Cookie Policy - Dermomed","description":"Scopri i benefici del Cookie Policy. Visita il sito Dermomed per conoscere i prodotti che lo contengono.","robots":{"index":"index","follow":"follow","max-snippet":"max-snippet:-1","max-image-preview":"max-image-preview:large","max-video-preview":"max-video-preview:-1"},"canonical":"https:\/\/dermomedmymoment.com\/en\/cookie-policy\/","og_locale":"en_GB","og_type":"article","og_title":"Cookie Policy - Dermomed","og_description":"Scopri i benefici del Cookie Policy. Visita il sito Dermomed per conoscere i prodotti che lo contengono.","og_url":"https:\/\/dermomedmymoment.com\/en\/cookie-policy\/","og_site_name":"Dermomed","article_modified_time":"2023-05-08T15:02:43+00:00","og_image":[{"url":"https:\/\/www.shock-wave.it\/wp-content\/uploads\/2015\/04\/chrome-impostazioni.png"}],"twitter_card":"summary_large_image","twitter_misc":{"Estimated reading time":"10 minutes"},"schema":{"@context":"https:\/\/schema.org","@graph":[{"@type":"WebPage","@id":"https:\/\/dermomedmymoment.com\/cookie-policy\/","url":"https:\/\/dermomedmymoment.com\/cookie-policy\/","name":"Cookie Policy - Dermomed","isPartOf":{"@id":"https:\/\/dermomedmymoment.com\/#website"},"datePublished":"2022-12-06T11:06:38+00:00","dateModified":"2023-05-08T15:02:43+00:00","description":"Scopri i benefici del Cookie Policy. Visita il sito Dermomed per conoscere i prodotti che lo contengono.","breadcrumb":{"@id":"https:\/\/dermomedmymoment.com\/cookie-policy\/#breadcrumb"},"inLanguage":"en-GB","potentialAction":[{"@type":"ReadAction","target":["https:\/\/dermomedmymoment.com\/cookie-policy\/"]}]},{"@type":"BreadcrumbList","@id":"https:\/\/dermomedmymoment.com\/cookie-policy\/#breadcrumb","itemListElement":[{"@type":"ListItem","position":1,"name":"Home","item":"https:\/\/dermomedmymoment.com\/"},{"@type":"ListItem","position":2,"name":"Cookie Policy"}]},{"@type":"WebSite","@id":"https:\/\/dermomedmymoment.com\/#website","url":"https:\/\/dermomedmymoment.com\/","name":"Dermomed","description":"","potentialAction":[{"@type":"SearchAction","target":{"@type":"EntryPoint","urlTemplate":"https:\/\/dermomedmymoment.com\/?s={search_term_string}"},"query-input":"required name=search_term_string"}],"inLanguage":"en-GB"}]}},"_links":{"self":[{"href":"https:\/\/dermomedmymoment.com\/en\/wp-json\/wp\/v2\/pages\/118093","targetHints":{"allow":["GET"]}}],"collection":[{"href":"https:\/\/dermomedmymoment.com\/en\/wp-json\/wp\/v2\/pages"}],"about":[{"href":"https:\/\/dermomedmymoment.com\/en\/wp-json\/wp\/v2\/types\/page"}],"author":[{"embeddable":true,"href":"https:\/\/dermomedmymoment.com\/en\/wp-json\/wp\/v2\/users\/2"}],"replies":[{"embeddable":true,"href":"https:\/\/dermomedmymoment.com\/en\/wp-json\/wp\/v2\/comments?post=118093"}],"version-history":[{"count":2,"href":"https:\/\/dermomedmymoment.com\/en\/wp-json\/wp\/v2\/pages\/118093\/revisions"}],"predecessor-version":[{"id":120331,"href":"https:\/\/dermomedmymoment.com\/en\/wp-json\/wp\/v2\/pages\/118093\/revisions\/120331"}],"wp:attachment":[{"href":"https:\/\/dermomedmymoment.com\/en\/wp-json\/wp\/v2\/media?parent=118093"}],"curies":[{"name":"wp","href":"https:\/\/api.w.org\/{rel}","templated":true}]}}